{"id":2927,"date":"2017-05-19T09:25:00","date_gmt":"2017-05-19T09:25:00","guid":{"rendered":"http:\/\/dev.g5plus.net\/startup\/?page_id=2927"},"modified":"2025-01-10T20:40:48","modified_gmt":"2025-01-11T01:40:48","slug":"contact","status":"publish","type":"page","link":"https:\/\/www.extravadansestudio.com\/en\/contact\/","title":{"rendered":"Contact"},"content":{"rendered":"<section class=\"wpb-content-wrapper\"><div data-vc-full-width=\"true\" data-vc-full-width-init=\"false\" data-vc-parallax=\"2.0\" data-vc-parallax-image=\"https:\/\/www.extravadansestudio.com\/wp-content\/uploads\/2024\/10\/the-group-of-modern-ballet-dancers-contemporary-a-2023-11-27-05-20-03-utc-Large.jpeg\" class=\"vc_row wpb_row vc_row-fluid vc_row-has-fill vc_general vc_parallax vc_parallax-content-moving vc_row-background-overlay-wrap\"><div class=\"vc_row-background-overlay\" style=\"background-color: rgba(0,0,0,0.85)\"><\/div><div class=\"wpb_column vc_column_container vc_col-sm-10 vc_col-sm-offset-1\"><div class=\"vc_column-inner\"><div class=\"wpb_wrapper\"><div class=\"g5plus-space space-69f513e0dfc78\" data-id=\"69f513e0dfc78\" data-tablet=\"80\" data-tablet-portrait=\"70\" data-mobile=\"50\" data-mobile-landscape=\"60\" style=\"clear: both; display: block; height: 208px\"><\/div><div class=\"g5plus-heading text-center vc_custom_1729865623962\" >\n                            <h4 class=\"hd-light\" style=\"font-size:48px;font-family:Oswald;font-weight:700;font-style:normal\">GET IN TOUCH<\/h4>\n    <\/div>\n\t<div class=\"wpb_text_column wpb_content_element  text-center fs-16\" >\n\t\t<div class=\"wpb_wrapper\">\n\t\t\t<p style=\"max-width: 680px; margin: auto;\">We\u2019d love to hear from you. Whether you have questions about our classes, want to know more about our instructors, or need assistance with anything else, don\u2019t hesitate to get in touch.<\/p>\n\n\t\t<\/div>\n\t<\/div>\n<div class=\"g5plus-space space-69f513e0e0556\" data-id=\"69f513e0e0556\" data-tablet=\"45\" data-tablet-portrait=\"40\" data-mobile=\"30\" data-mobile-landscape=\"35\" style=\"clear: both; display: block; height: 55px\"><\/div>\n<div class=\"wpcf7 no-js\" id=\"wpcf7-f1004-o1\" lang=\"en-US\" dir=\"ltr\" data-wpcf7-id=\"1004\">\n<div class=\"screen-reader-response\"><p role=\"status\" aria-live=\"polite\" aria-atomic=\"true\"><\/p> <ul><\/ul><\/div>\n<form action=\"\/en\/wp-json\/wp\/v2\/pages\/2927#wpcf7-f1004-o1\" method=\"post\" class=\"wpcf7-form init\" aria-label=\"Contact form\" novalidate=\"novalidate\" data-status=\"init\">\n<div style=\"display: none;\">\n<input type=\"hidden\" name=\"_wpcf7\" value=\"1004\" \/>\n<input type=\"hidden\" name=\"_wpcf7_version\" value=\"6.0.6\" \/>\n<input type=\"hidden\" name=\"_wpcf7_locale\" value=\"en_US\" \/>\n<input type=\"hidden\" name=\"_wpcf7_unit_tag\" value=\"wpcf7-f1004-o1\" \/>\n<input type=\"hidden\" name=\"_wpcf7_container_post\" value=\"0\" \/>\n<input type=\"hidden\" name=\"_wpcf7_posted_data_hash\" value=\"\" \/>\n<input type=\"hidden\" name=\"_wpcf7_recaptcha_response\" value=\"\" \/>\n<\/div>\n<div class=\"g5plus-contact-form column-3 color-light clearfix\">\n\t<div class=\"ct-name ct-input\">\n\t\t<p><span class=\"wpcf7-form-control-wrap\" data-name=\"your-name\"><input size=\"40\" maxlength=\"400\" class=\"wpcf7-form-control wpcf7-text\" aria-invalid=\"false\" placeholder=\"Name\" value=\"\" type=\"text\" name=\"your-name\" \/><\/span>\n\t\t<\/p>\n\t<\/div>\n\t<div class=\"ct-email ct-input\">\n\t\t<p><span class=\"wpcf7-form-control-wrap\" data-name=\"your-email\"><input size=\"40\" maxlength=\"400\" class=\"wpcf7-form-control wpcf7-email wpcf7-validates-as-required wpcf7-text wpcf7-validates-as-email\" aria-required=\"true\" aria-invalid=\"false\" placeholder=\"E-mail\" value=\"\" type=\"email\" name=\"your-email\" \/><\/span>\n\t\t<\/p>\n\t<\/div>\n\t<div class=\"ct-subject ct-input\">\n\t\t<p><span class=\"wpcf7-form-control-wrap\" data-name=\"your-subject\"><input size=\"40\" maxlength=\"400\" class=\"wpcf7-form-control wpcf7-text\" aria-invalid=\"false\" placeholder=\"Subject\" value=\"\" type=\"text\" name=\"your-subject\" \/><\/span>\n\t\t<\/p>\n\t<\/div>\n\t<p><span class=\"wpcf7-form-control-wrap\" data-name=\"your-message\"><textarea cols=\"40\" rows=\"10\" maxlength=\"2000\" class=\"wpcf7-form-control wpcf7-textarea wpcf7-validates-as-required\" aria-required=\"true\" aria-invalid=\"false\" placeholder=\"Message\" name=\"your-message\"><\/textarea><\/span>\n\t<\/p>\n\t<div class=\"btn-submit\">\n\t\t<p><button type=\"submit\"><i class=\"fa fa-paper-plane\"><\/i><\/button>\n\t\t<\/p>\n\t<\/div>\n<\/div><div class=\"wpcf7-response-output\" aria-hidden=\"true\"><\/div>\n<\/form>\n<\/div>\n<div class=\"g5plus-space space-69f513e0e2777\" data-id=\"69f513e0e2777\" data-tablet=\"70\" data-tablet-portrait=\"60\" data-mobile=\"40\" data-mobile-landscape=\"50\" style=\"clear: both; display: block; height: 80px\"><\/div><\/div><\/div><\/div><\/div><div class=\"vc_row-full-width vc_clearfix\"><\/div><div data-vc-full-width=\"true\" data-vc-full-width-init=\"false\" data-vc-stretch-content=\"true\" class=\"vc_row wpb_row vc_row-fluid vc_row-no-padding vc_row-o-equal-height vc_row-o-content-middle vc_row-flex\"><div class=\"startup-contact-info wpb_column vc_column_container vc_col-sm-6\"><div class=\"vc_column-inner\"><div class=\"wpb_wrapper\"><div class=\"g5plus-heading text-left vc_custom_1729865958208\" >\n                            <h4 class=\"hd-dark has-line line-accent\" style=\"font-size:48px;font-family:Oswald;font-weight:400;font-style:normal\">Contact Us<\/h4>\n    <\/div>\n\t<div class=\"wpb_raw_code wpb_content_element wpb_raw_html\" >\n\t\t<div class=\"wpb_wrapper\">\n\t\t\t<div class=\"contact-info\"> \n    <div class=\"address\">\n        <h6>ADRESSE<\/h6>\n        <p>103 Rue Lauzon Local 63, Ch\u00e2teauguay, QC J6K 1C7<\/p>\n    <\/div>\n    <div class=\"phone\">\n        <h6>T\u00c9L\u00c9PHONE<\/h6>\n        <p>(450) 691-3577<\/p>\n    <\/div>\n    <div class=\"email\">\n        <h6>EMAIL<\/h6>\n        <p><a href=\"mailto:info@extravadansestudio.com\">info@extravadansestudio.com<\/a><\/p>\n    <\/div>\n<\/div>\n\n\t\t<\/div>\n\t<\/div>\n<div class=\"vc_icon_element vc_icon_element-outer hover-accent mg-bottom-30 vc_icon_element-align-inline-block\"><div class=\"vc_icon_element-inner vc_icon_element-color-custom vc_icon_element-size-xs vc_icon_element-style- vc_icon_element-background-color-grey\" ><span class=\"vc_icon_element-icon fab fa-facebook\" style=\"color:#888888 !important\"><\/span><a class=\"vc_icon_element-link\" href=\"https:\/\/www.facebook.com\/ExtravadanseStudio\"  title=\"\" target=\"_blank\"><\/a><\/div><\/div><div class=\"vc_icon_element vc_icon_element-outer hover-accent mg-bottom-30 vc_icon_element-align-inline-block\"><div class=\"vc_icon_element-inner vc_icon_element-color-custom vc_icon_element-size-xs vc_icon_element-style- vc_icon_element-background-color-grey\" ><span class=\"vc_icon_element-icon fab fa-instagram\" style=\"color:#888888 !important\"><\/span><a class=\"vc_icon_element-link\" href=\"https:\/\/www.instagram.com\/extravadanse\/\"  title=\"\" target=\"_blank\"><\/a><\/div><\/div><div class=\"vc_icon_element vc_icon_element-outer hover-accent mg-bottom-30 vc_icon_element-align-inline-block\"><div class=\"vc_icon_element-inner vc_icon_element-color-custom vc_icon_element-size-xs vc_icon_element-style- vc_icon_element-background-color-grey\" ><span class=\"vc_icon_element-icon fab fa-google-plus-g\" style=\"color:#888888 !important\"><\/span><a class=\"vc_icon_element-link\" href=\"https:\/\/www.google.com\/maps\/place\/\/data=!4m3!3m2!1s0x4cc914b8cac68be7:0xfb81ed3b5229cbca!12e1?source=g.page.m.kd._&#038;laa=lu-desktop-review-solicitation\"  title=\"\" target=\"_blank\"><\/a><\/div><\/div>\n\t<div class=\"wpb_text_column wpb_content_element  vc_custom_1729181886561\" >\n\t\t<div class=\"wpb_wrapper\">\n\t\t\t<p>Our team is here to help and guide you on your dance journey. Feel free to reach out&#8230;<\/p>\n\n\t\t<\/div>\n\t<\/div>\n<div class=\"g5plus-btn-container btn-left h-font\" >\n\t\t\t<a class=\"btn btn-color-accent btn-style-classic btn-size-md btn-shape-round\" href=\"https:\/\/www.google.com\/maps\/dir\/\/extravadanse+studio\/data=!4m6!4m5!1m1!4e2!1m2!1m1!1s0x4cc914b8cac68be7:0xfb81ed3b5229cbca?sa=X&#038;ved=1t:3061&#038;ictx=111\" title=\"Get directions\" target=\"_blank\">Get directions<\/a>\n\t<\/div>\n<\/div><\/div><\/div><div class=\"wpb_column vc_column_container vc_col-sm-6\"><div class=\"vc_column-inner\"><div class=\"wpb_wrapper\">\n\t<div class=\"wpb_raw_code wpb_content_element wpb_raw_html\" >\n\t\t<div class=\"wpb_wrapper\">\n\t\t\t<iframe src=\"https:\/\/www.google.com\/maps\/embed?pb=!1m18!1m12!1m3!1d3533.60987461262!2d-73.71683512306835!3d45.3583944710725!2m3!1f0!2f0!3f0!3m2!1i1024!2i768!4f13.1!3m3!1m2!1s0x4cc914b8cac68be7%3A0xfb81ed3b5229cbca!2sExtravadanse%20Studio!5e1!3m2!1sen!2sca!4v1729181379601!5m2!1sen!2sca\" width=\"1400\" height=\"1000\" style=\"border:0;\" allowfullscreen=\"\" loading=\"lazy\" referrerpolicy=\"no-referrer-when-downgrade\"><\/iframe>\n\t\t<\/div>\n\t<\/div>\n<\/div><\/div><\/div><\/div><div class=\"vc_row-full-width vc_clearfix\"><\/div>\n<\/section>","protected":false},"excerpt":{"rendered":"GET IN TOUCH We\u2019d love to hear from you. Whether you have questions about our classes, want to know more about our instructors, or need assistance with anything else, don\u2019t hesitate to get in touch. Contact Us ADRESSE 103 Rue Lauzon Local 63, Ch\u00e2teauguay, QC J6K 1C7 T\u00c9L\u00c9PHONE (450) 691-3577 EMAIL info@extravadansestudio.com Our team is [...]","protected":false},"author":4,"featured_media":0,"parent":0,"menu_order":0,"comment_status":"closed","ping_status":"closed","template":"","meta":{"inline_featured_image":false,"footnotes":""},"class_list":["post-2927","page","type-page","status-publish","hentry"],"yoast_head":"<!-- This site is optimized with the Yoast SEO plugin v25.2 - https:\/\/yoast.com\/wordpress\/plugins\/seo\/ -->\n<title>Contact - Extravadanse Studio<\/title>\n<meta name=\"robots\" content=\"index, follow, max-snippet:-1, max-image-preview:large, max-video-preview:-1\" \/>\n<link rel=\"canonical\" href=\"https:\/\/www.extravadansestudio.com\/en\/contact\/\" \/>\n<meta property=\"og:locale\" content=\"en_US\" \/>\n<meta property=\"og:type\" content=\"article\" \/>\n<meta property=\"og:title\" content=\"Contact - Extravadanse Studio\" \/>\n<meta property=\"og:url\" content=\"https:\/\/www.extravadansestudio.com\/en\/contact\/\" \/>\n<meta property=\"og:site_name\" content=\"Extravadanse Studio\" \/>\n<meta property=\"article:modified_time\" content=\"2025-01-11T01:40:48+00:00\" \/>\n<meta name=\"twitter:card\" content=\"summary_large_image\" \/>\n<meta name=\"twitter:label1\" content=\"Est. reading time\" \/>\n\t<meta name=\"twitter:data1\" content=\"1 minute\" \/>\n<script type=\"application\/ld+json\" class=\"yoast-schema-graph\">{\"@context\":\"https:\/\/schema.org\",\"@graph\":[{\"@type\":\"WebPage\",\"@id\":\"https:\/\/www.extravadansestudio.com\/contact\/\",\"url\":\"https:\/\/www.extravadansestudio.com\/contact\/\",\"name\":\"Contact - Extravadanse Studio\",\"isPartOf\":{\"@id\":\"https:\/\/www.extravadansestudio.com\/#website\"},\"datePublished\":\"2017-05-19T09:25:00+00:00\",\"dateModified\":\"2025-01-11T01:40:48+00:00\",\"breadcrumb\":{\"@id\":\"https:\/\/www.extravadansestudio.com\/contact\/#breadcrumb\"},\"inLanguage\":\"en-CA\",\"potentialAction\":[{\"@type\":\"ReadAction\",\"target\":[\"https:\/\/www.extravadansestudio.com\/contact\/\"]}]},{\"@type\":\"BreadcrumbList\",\"@id\":\"https:\/\/www.extravadansestudio.com\/contact\/#breadcrumb\",\"itemListElement\":[{\"@type\":\"ListItem\",\"position\":1,\"name\":\"Home\",\"item\":\"https:\/\/www.extravadansestudio.com\/\"},{\"@type\":\"ListItem\",\"position\":2,\"name\":\"Contact\"}]},{\"@type\":\"WebSite\",\"@id\":\"https:\/\/www.extravadansestudio.com\/#website\",\"url\":\"https:\/\/www.extravadansestudio.com\/\",\"name\":\"Extravadanse Studio\",\"description\":\"Dance your heart out!\",\"potentialAction\":[{\"@type\":\"SearchAction\",\"target\":{\"@type\":\"EntryPoint\",\"urlTemplate\":\"https:\/\/www.extravadansestudio.com\/?s={search_term_string}\"},\"query-input\":{\"@type\":\"PropertyValueSpecification\",\"valueRequired\":true,\"valueName\":\"search_term_string\"}}],\"inLanguage\":\"en-CA\"}]}<\/script>\n<!-- \/ Yoast SEO plugin. -->","yoast_head_json":{"title":"Contact - Extravadanse Studio","robots":{"index":"index","follow":"follow","max-snippet":"max-snippet:-1","max-image-preview":"max-image-preview:large","max-video-preview":"max-video-preview:-1"},"canonical":"https:\/\/www.extravadansestudio.com\/en\/contact\/","og_locale":"en_US","og_type":"article","og_title":"Contact - Extravadanse Studio","og_url":"https:\/\/www.extravadansestudio.com\/en\/contact\/","og_site_name":"Extravadanse Studio","article_modified_time":"2025-01-11T01:40:48+00:00","twitter_card":"summary_large_image","twitter_misc":{"Est. reading time":"1 minute"},"schema":{"@context":"https:\/\/schema.org","@graph":[{"@type":"WebPage","@id":"https:\/\/www.extravadansestudio.com\/contact\/","url":"https:\/\/www.extravadansestudio.com\/contact\/","name":"Contact - Extravadanse Studio","isPartOf":{"@id":"https:\/\/www.extravadansestudio.com\/#website"},"datePublished":"2017-05-19T09:25:00+00:00","dateModified":"2025-01-11T01:40:48+00:00","breadcrumb":{"@id":"https:\/\/www.extravadansestudio.com\/contact\/#breadcrumb"},"inLanguage":"en-CA","potentialAction":[{"@type":"ReadAction","target":["https:\/\/www.extravadansestudio.com\/contact\/"]}]},{"@type":"BreadcrumbList","@id":"https:\/\/www.extravadansestudio.com\/contact\/#breadcrumb","itemListElement":[{"@type":"ListItem","position":1,"name":"Home","item":"https:\/\/www.extravadansestudio.com\/"},{"@type":"ListItem","position":2,"name":"Contact"}]},{"@type":"WebSite","@id":"https:\/\/www.extravadansestudio.com\/#website","url":"https:\/\/www.extravadansestudio.com\/","name":"Extravadanse Studio","description":"Dance your heart out!","potentialAction":[{"@type":"SearchAction","target":{"@type":"EntryPoint","urlTemplate":"https:\/\/www.extravadansestudio.com\/?s={search_term_string}"},"query-input":{"@type":"PropertyValueSpecification","valueRequired":true,"valueName":"search_term_string"}}],"inLanguage":"en-CA"}]}},"_links":{"self":[{"href":"https:\/\/www.extravadansestudio.com\/en\/wp-json\/wp\/v2\/pages\/2927"}],"collection":[{"href":"https:\/\/www.extravadansestudio.com\/en\/wp-json\/wp\/v2\/pages"}],"about":[{"href":"https:\/\/www.extravadansestudio.com\/en\/wp-json\/wp\/v2\/types\/page"}],"author":[{"embeddable":true,"href":"https:\/\/www.extravadansestudio.com\/en\/wp-json\/wp\/v2\/users\/4"}],"replies":[{"embeddable":true,"href":"https:\/\/www.extravadansestudio.com\/en\/wp-json\/wp\/v2\/comments?post=2927"}],"version-history":[{"count":16,"href":"https:\/\/www.extravadansestudio.com\/en\/wp-json\/wp\/v2\/pages\/2927\/revisions"}],"predecessor-version":[{"id":6605,"href":"https:\/\/www.extravadansestudio.com\/en\/wp-json\/wp\/v2\/pages\/2927\/revisions\/6605"}],"wp:attachment":[{"href":"https:\/\/www.extravadansestudio.com\/en\/wp-json\/wp\/v2\/media?parent=2927"}],"curies":[{"name":"wp","href":"https:\/\/api.w.org\/{rel}","templated":true}]}}